{"id":23,"date":"2024-04-25T08:50:00","date_gmt":"2024-04-25T08:50:00","guid":{"rendered":"https:\/\/crea-cosmetiques.fr\/?page_id=23"},"modified":"2024-05-30T07:47:14","modified_gmt":"2024-05-30T07:47:14","slug":"accueil","status":"publish","type":"page","link":"https:\/\/homecosmetiques.com\/en\/","title":{"rendered":"Cosmetics consultant"},"content":{"rendered":"","protected":false},"excerpt":{"rendered":"","protected":false},"author":1,"featured_media":76,"parent":0,"menu_order":0,"comment_status":"closed","ping_status":"closed","template":"","meta":{"_monsterinsights_skip_tracking":false,"_monsterinsights_sitenote_active":false,"_monsterinsights_sitenote_note":"","_monsterinsights_sitenote_category":0,"footnotes":""},"class_list":["post-23","page","type-page","status-publish","has-post-thumbnail","czr-hentry"],"yoast_head":"<!-- This site is optimized with the Yoast SEO plugin v27.4 - https:\/\/yoast.com\/product\/yoast-seo-wordpress\/ -->\n<title>Home Cosm\u00e9tiques - Consultante en cosm\u00e9tiques<\/title>\n<meta name=\"description\" content=\"Consultante en cosm\u00e9tiques - Accompagnement dans le d\u00e9veloppement, formulation et commercialisation de produits cosm\u00e9tiques\" \/>\n<meta name=\"robots\" content=\"index, follow, max-snippet:-1, max-image-preview:large, max-video-preview:-1\" \/>\n<link rel=\"canonical\" href=\"https:\/\/homecosmetiques.com\/en\/\" \/>\n<meta property=\"og:locale\" content=\"en_GB\" \/>\n<meta property=\"og:type\" content=\"article\" \/>\n<meta property=\"og:title\" content=\"Home Cosm\u00e9tiques - Consultante en cosm\u00e9tiques\" \/>\n<meta property=\"og:description\" content=\"Consultante en cosm\u00e9tiques - Accompagnement dans le d\u00e9veloppement, formulation et commercialisation de produits cosm\u00e9tiques\" \/>\n<meta property=\"og:url\" content=\"https:\/\/homecosmetiques.com\/en\/\" \/>\n<meta property=\"og:site_name\" content=\"Home Cosm\u00e9tiques\" \/>\n<meta property=\"article:modified_time\" content=\"2024-05-30T07:47:14+00:00\" \/>\n<meta property=\"og:image\" content=\"https:\/\/homecosmetiques.com\/wp-content\/uploads\/2024\/04\/CREA-COSMETIQUEl-Groupe-794.png\" \/>\n\t<meta property=\"og:image:width\" content=\"896\" \/>\n\t<meta property=\"og:image:height\" content=\"754\" \/>\n\t<meta property=\"og:image:type\" content=\"image\/png\" \/>\n<meta name=\"twitter:card\" content=\"summary_large_image\" \/>\n<meta name=\"twitter:label1\" content=\"Estimated reading time\" \/>\n\t<meta name=\"twitter:data1\" content=\"3 minutes\" \/>\n<script type=\"application\/ld+json\" class=\"yoast-schema-graph\">{\"@context\":\"https:\\\/\\\/schema.org\",\"@graph\":[{\"@type\":\"WebPage\",\"@id\":\"https:\\\/\\\/homecosmetiques.com\\\/\",\"url\":\"https:\\\/\\\/homecosmetiques.com\\\/\",\"name\":\"Home Cosm\u00e9tiques - Consultante en cosm\u00e9tiques\",\"isPartOf\":{\"@id\":\"https:\\\/\\\/homecosmetiques.com\\\/#website\"},\"primaryImageOfPage\":{\"@id\":\"https:\\\/\\\/homecosmetiques.com\\\/#primaryimage\"},\"image\":{\"@id\":\"https:\\\/\\\/homecosmetiques.com\\\/#primaryimage\"},\"thumbnailUrl\":\"https:\\\/\\\/homecosmetiques.com\\\/wp-content\\\/uploads\\\/2024\\\/04\\\/CREA-COSMETIQUEl-Groupe-794.png\",\"datePublished\":\"2024-04-25T08:50:00+00:00\",\"dateModified\":\"2024-05-30T07:47:14+00:00\",\"description\":\"Consultante en cosm\u00e9tiques - Accompagnement dans le d\u00e9veloppement, formulation et commercialisation de produits cosm\u00e9tiques\",\"breadcrumb\":{\"@id\":\"https:\\\/\\\/homecosmetiques.com\\\/#breadcrumb\"},\"inLanguage\":\"en-GB\",\"potentialAction\":[{\"@type\":\"ReadAction\",\"target\":[\"https:\\\/\\\/homecosmetiques.com\\\/\"]}]},{\"@type\":\"ImageObject\",\"inLanguage\":\"en-GB\",\"@id\":\"https:\\\/\\\/homecosmetiques.com\\\/#primaryimage\",\"url\":\"https:\\\/\\\/homecosmetiques.com\\\/wp-content\\\/uploads\\\/2024\\\/04\\\/CREA-COSMETIQUEl-Groupe-794.png\",\"contentUrl\":\"https:\\\/\\\/homecosmetiques.com\\\/wp-content\\\/uploads\\\/2024\\\/04\\\/CREA-COSMETIQUEl-Groupe-794.png\",\"width\":896,\"height\":754},{\"@type\":\"BreadcrumbList\",\"@id\":\"https:\\\/\\\/homecosmetiques.com\\\/#breadcrumb\",\"itemListElement\":[{\"@type\":\"ListItem\",\"position\":1,\"name\":\"Accueil\",\"item\":\"https:\\\/\\\/homecosmetiques.com\\\/\"},{\"@type\":\"ListItem\",\"position\":2,\"name\":\"Consultante en cosm\u00e9tiques\"}]},{\"@type\":\"WebSite\",\"@id\":\"https:\\\/\\\/homecosmetiques.com\\\/#website\",\"url\":\"https:\\\/\\\/homecosmetiques.com\\\/\",\"name\":\"Home Cosm\u00e9tiques\",\"description\":\"\",\"publisher\":{\"@id\":\"https:\\\/\\\/homecosmetiques.com\\\/#organization\"},\"potentialAction\":[{\"@type\":\"SearchAction\",\"target\":{\"@type\":\"EntryPoint\",\"urlTemplate\":\"https:\\\/\\\/homecosmetiques.com\\\/?s={search_term_string}\"},\"query-input\":{\"@type\":\"PropertyValueSpecification\",\"valueRequired\":true,\"valueName\":\"search_term_string\"}}],\"inLanguage\":\"en-GB\"},{\"@type\":\"Organization\",\"@id\":\"https:\\\/\\\/homecosmetiques.com\\\/#organization\",\"name\":\"Home Cosm\u00e9tiques\",\"url\":\"https:\\\/\\\/homecosmetiques.com\\\/\",\"logo\":{\"@type\":\"ImageObject\",\"inLanguage\":\"en-GB\",\"@id\":\"https:\\\/\\\/homecosmetiques.com\\\/#\\\/schema\\\/logo\\\/image\\\/\",\"url\":\"https:\\\/\\\/homecosmetiques.com\\\/wp-content\\\/uploads\\\/2024\\\/08\\\/cropped-LOGO-HOME-COSMETIQUES.png\",\"contentUrl\":\"https:\\\/\\\/homecosmetiques.com\\\/wp-content\\\/uploads\\\/2024\\\/08\\\/cropped-LOGO-HOME-COSMETIQUES.png\",\"width\":938,\"height\":424,\"caption\":\"Home Cosm\u00e9tiques\"},\"image\":{\"@id\":\"https:\\\/\\\/homecosmetiques.com\\\/#\\\/schema\\\/logo\\\/image\\\/\"}}]}<\/script>\n<!-- \/ Yoast SEO plugin. -->","yoast_head_json":{"title":"Home Cosm\u00e9tiques - Cosmetics consultant","description":"Cosmetics consultant - Support in the development, formulation and marketing of cosmetic products","robots":{"index":"index","follow":"follow","max-snippet":"max-snippet:-1","max-image-preview":"max-image-preview:large","max-video-preview":"max-video-preview:-1"},"canonical":"https:\/\/homecosmetiques.com\/en\/","og_locale":"en_GB","og_type":"article","og_title":"Home Cosm\u00e9tiques - Consultante en cosm\u00e9tiques","og_description":"Consultante en cosm\u00e9tiques - Accompagnement dans le d\u00e9veloppement, formulation et commercialisation de produits cosm\u00e9tiques","og_url":"https:\/\/homecosmetiques.com\/en\/","og_site_name":"Home Cosm\u00e9tiques","article_modified_time":"2024-05-30T07:47:14+00:00","og_image":[{"width":896,"height":754,"url":"https:\/\/homecosmetiques.com\/wp-content\/uploads\/2024\/04\/CREA-COSMETIQUEl-Groupe-794.png","type":"image\/png"}],"twitter_card":"summary_large_image","twitter_misc":{"Estimated reading time":"3 minutes"},"schema":{"@context":"https:\/\/schema.org","@graph":[{"@type":"WebPage","@id":"https:\/\/homecosmetiques.com\/","url":"https:\/\/homecosmetiques.com\/","name":"Home Cosm\u00e9tiques - Cosmetics consultant","isPartOf":{"@id":"https:\/\/homecosmetiques.com\/#website"},"primaryImageOfPage":{"@id":"https:\/\/homecosmetiques.com\/#primaryimage"},"image":{"@id":"https:\/\/homecosmetiques.com\/#primaryimage"},"thumbnailUrl":"https:\/\/homecosmetiques.com\/wp-content\/uploads\/2024\/04\/CREA-COSMETIQUEl-Groupe-794.png","datePublished":"2024-04-25T08:50:00+00:00","dateModified":"2024-05-30T07:47:14+00:00","description":"Cosmetics consultant - Support in the development, formulation and marketing of cosmetic products","breadcrumb":{"@id":"https:\/\/homecosmetiques.com\/#breadcrumb"},"inLanguage":"en-GB","potentialAction":[{"@type":"ReadAction","target":["https:\/\/homecosmetiques.com\/"]}]},{"@type":"ImageObject","inLanguage":"en-GB","@id":"https:\/\/homecosmetiques.com\/#primaryimage","url":"https:\/\/homecosmetiques.com\/wp-content\/uploads\/2024\/04\/CREA-COSMETIQUEl-Groupe-794.png","contentUrl":"https:\/\/homecosmetiques.com\/wp-content\/uploads\/2024\/04\/CREA-COSMETIQUEl-Groupe-794.png","width":896,"height":754},{"@type":"BreadcrumbList","@id":"https:\/\/homecosmetiques.com\/#breadcrumb","itemListElement":[{"@type":"ListItem","position":1,"name":"Accueil","item":"https:\/\/homecosmetiques.com\/"},{"@type":"ListItem","position":2,"name":"Consultante en cosm\u00e9tiques"}]},{"@type":"WebSite","@id":"https:\/\/homecosmetiques.com\/#website","url":"https:\/\/homecosmetiques.com\/","name":"Home Cosmetics","description":"","publisher":{"@id":"https:\/\/homecosmetiques.com\/#organization"},"potentialAction":[{"@type":"SearchAction","target":{"@type":"EntryPoint","urlTemplate":"https:\/\/homecosmetiques.com\/?s={search_term_string}"},"query-input":{"@type":"PropertyValueSpecification","valueRequired":true,"valueName":"search_term_string"}}],"inLanguage":"en-GB"},{"@type":"Organization","@id":"https:\/\/homecosmetiques.com\/#organization","name":"Home Cosmetics","url":"https:\/\/homecosmetiques.com\/","logo":{"@type":"ImageObject","inLanguage":"en-GB","@id":"https:\/\/homecosmetiques.com\/#\/schema\/logo\/image\/","url":"https:\/\/homecosmetiques.com\/wp-content\/uploads\/2024\/08\/cropped-LOGO-HOME-COSMETIQUES.png","contentUrl":"https:\/\/homecosmetiques.com\/wp-content\/uploads\/2024\/08\/cropped-LOGO-HOME-COSMETIQUES.png","width":938,"height":424,"caption":"Home Cosm\u00e9tiques"},"image":{"@id":"https:\/\/homecosmetiques.com\/#\/schema\/logo\/image\/"}}]}},"_links":{"self":[{"href":"https:\/\/homecosmetiques.com\/en\/wp-json\/wp\/v2\/pages\/23","targetHints":{"allow":["GET"]}}],"collection":[{"href":"https:\/\/homecosmetiques.com\/en\/wp-json\/wp\/v2\/pages"}],"about":[{"href":"https:\/\/homecosmetiques.com\/en\/wp-json\/wp\/v2\/types\/page"}],"author":[{"embeddable":true,"href":"https:\/\/homecosmetiques.com\/en\/wp-json\/wp\/v2\/users\/1"}],"replies":[{"embeddable":true,"href":"https:\/\/homecosmetiques.com\/en\/wp-json\/wp\/v2\/comments?post=23"}],"version-history":[{"count":2,"href":"https:\/\/homecosmetiques.com\/en\/wp-json\/wp\/v2\/pages\/23\/revisions"}],"predecessor-version":[{"id":339,"href":"https:\/\/homecosmetiques.com\/en\/wp-json\/wp\/v2\/pages\/23\/revisions\/339"}],"wp:featuredmedia":[{"embeddable":true,"href":"https:\/\/homecosmetiques.com\/en\/wp-json\/wp\/v2\/media\/76"}],"wp:attachment":[{"href":"https:\/\/homecosmetiques.com\/en\/wp-json\/wp\/v2\/media?parent=23"}],"curies":[{"name":"wp","href":"https:\/\/api.w.org\/{rel}","templated":true}]}}